{"id":6394,"date":"2023-08-04T14:28:24","date_gmt":"2023-08-04T14:28:24","guid":{"rendered":"https:\/\/www.alquimiafinedining.com\/chef-luis-mourao\/"},"modified":"2026-04-22T14:36:12","modified_gmt":"2026-04-22T14:36:12","slug":"chef-luis-mourao","status":"publish","type":"page","link":"https:\/\/www.alquimiafinedining.com\/en\/chef-luis-mourao\/","title":{"rendered":"Chefs"},"content":{"rendered":"\t\t<div data-elementor-type=\"wp-page\" data-elementor-id=\"6394\" class=\"elementor elementor-6394 elementor-4852\">\n\t\t\t\t\t\t<section class=\"elementor-section elementor-top-section elementor-element elementor-element-d184966 elementor-section-boxed elementor-section-height-default elementor-section-height-default eltdf-parallax-row-no eltdf-content-aligment-left eltdf-elementor-row-grid-no eltdf-disabled-bg-image-bellow-no\" data-id=\"d184966\" data-element_type=\"section\">\n\t\t\t\t\t\t<div class=\"elementor-container elementor-column-gap-default\">\n\t\t\t\t\t<div class=\"elementor-column elementor-col-100 elementor-top-column elementor-element elementor-element-204efe4\" data-id=\"204efe4\" data-element_type=\"column\">\n\t\t\t<div class=\"elementor-widget-wrap elementor-element-populated\">\n\t\t\t\t\t\t<div class=\"elementor-element elementor-element-4451d76 elementor-widget elementor-widget-eltdf_button\" data-id=\"4451d76\" data-element_type=\"widget\" data-widget_type=\"eltdf_button.default\">\n\t\t\t\t<div class=\"elementor-widget-container\">\n\t\t\t<a itemprop=\"url\" href=\"https:\/\/www.alquimiafinedining.com\/en\/reservations\/\" target=\"_self\" style=\"color: #FFFFFF;font-weight: 700\" class=\"eltdf-btn eltdf-btn-medium eltdf-btn-solid reservar-mesa-button\"  0=\"color: #FFFFFF\" 1=\"font-weight: 700\">\n        <span class=\"eltdf-btn-text\">Book a Table<\/span>\n    <i class=\"eltdf-icon-dripicons dripicon  \" ><\/i>    <\/a>\t\t<\/div>\n\t\t\t\t<\/div>\n\t\t\t\t\t<\/div>\n\t\t<\/div>\n\t\t\t\t\t<\/div>\n\t\t<\/section>\n\t\t\t\t<section class=\"elementor-section elementor-top-section elementor-element elementor-element-092f06a eltdf-elementor-row-grid-section elementor-section-full_width elementor-reverse-mobile elementor-section-height-default elementor-section-height-default eltdf-parallax-row-no eltdf-content-aligment-left eltdf-disabled-bg-image-bellow-no\" data-id=\"092f06a\" data-element_type=\"section\">\n\t\t\t\t\t\t<div class=\"elementor-container elementor-column-gap-default\">\n\t\t\t\t\t<div class=\"elementor-column elementor-col-33 elementor-top-column elementor-element elementor-element-6b793ed\" data-id=\"6b793ed\" data-element_type=\"column\">\n\t\t\t<div class=\"elementor-widget-wrap elementor-element-populated\">\n\t\t\t\t\t\t<div class=\"elementor-element elementor-element-b1e0841 elementor-widget elementor-widget-qi_addons_for_elementor_section_title\" data-id=\"b1e0841\" data-element_type=\"widget\" data-widget_type=\"qi_addons_for_elementor_section_title.default\">\n\t\t\t\t<div class=\"elementor-widget-container\">\n\t\t\t<div class=\"qodef-shortcode qodef-m qodef-qi-section-title qodef-decoration--italic qodef-link--underline-draw qodef-subtitle-icon--left\">\n\t\t\t\t\t\t<h1 class=\"qodef-m-title\">\n\t\tChef Luis Mour\u00e3o\t<\/h1>\n\t\t\t<\/div>\n\t\t<\/div>\n\t\t\t\t<\/div>\n\t\t\t\t<div class=\"elementor-element elementor-element-7048168 elementor-widget elementor-widget-eltdf_section_title\" data-id=\"7048168\" data-element_type=\"widget\" data-widget_type=\"eltdf_section_title.default\">\n\t\t\t\t<div class=\"elementor-widget-container\">\n\t\t\t<div class=\"eltdf-section-title-holder    \" style=\"text-align: center\">\n\t<div class=\"eltdf-st-inner\">\n        \t\t\t\t\t\t\t<p class=\"eltdf-st-text\" >\n\t\t\t\tLuis Mour\u00e3o is an example of how passion can lead to perfection. He practices his art by valuing seasonal products and the portuguese gastronomic culture, with a natural preference for the sea flavours from the Algarve region, mixing tradition and innovation.\nWith extensive experience in leading prestigious cuisines, he was Executive Chef at Convento do Espinheiro in \u00c9vora and has worked at Pousadas de Portugal and the \"Bica do Sapato\" Restaurant, among others.\n<br \/><br \/>\nHe has represented Portugal in several gastronomy festivals around Europe and America and has also been a teacher at Turismo de Portugal and \"Funda\u00e7\u00e3o Alentejo\". In 2012 Luis Mour\u00e3o was one of the resident chefs on the tv show \"Top Chef\".\t\t\t<\/p>\n\t\t\t\t\t<\/div>\n<\/div>\t\t<\/div>\n\t\t\t\t<\/div>\n\t\t\t\t\t<\/div>\n\t\t<\/div>\n\t\t\t\t<div class=\"elementor-column elementor-col-33 elementor-top-column elementor-element elementor-element-717b2a2\" data-id=\"717b2a2\" data-element_type=\"column\">\n\t\t\t<div class=\"elementor-widget-wrap elementor-element-populated\">\n\t\t\t\t\t\t<div class=\"elementor-element elementor-element-234df63 elementor-widget elementor-widget-eltdf_single_image\" data-id=\"234df63\" data-element_type=\"widget\" data-widget_type=\"eltdf_single_image.default\">\n\t\t\t\t<div class=\"elementor-widget-container\">\n\t\t\t<div class=\"eltdf-single-image-holder     eltdf-image-appear-none\">\n    <div class=\"eltdf-si-inner\" >\n                                                        <img fetchpriority=\"high\" decoding=\"async\" width=\"571\" height=\"731\" src=\"https:\/\/www.alquimiafinedining.com\/wp-content\/uploads\/2023\/08\/ilustra_chef.png\" class=\"attachment-full size-full\" alt=\"Ilustra\u00e7\u00e3o do Chap\u00e9u do Chef do Restaurante Al Quimia\" srcset=\"https:\/\/www.alquimiafinedining.com\/wp-content\/uploads\/2023\/08\/ilustra_chef.png 571w, https:\/\/www.alquimiafinedining.com\/wp-content\/uploads\/2023\/08\/ilustra_chef-234x300.png 234w\" sizes=\"(max-width: 571px) 100vw, 571px\" \/>                                                <\/div>\n<\/div>\t\t<\/div>\n\t\t\t\t<\/div>\n\t\t\t\t\t<\/div>\n\t\t<\/div>\n\t\t\t\t<div class=\"elementor-column elementor-col-33 elementor-top-column elementor-element elementor-element-df154ae\" data-id=\"df154ae\" data-element_type=\"column\">\n\t\t\t<div class=\"elementor-widget-wrap elementor-element-populated\">\n\t\t\t\t\t\t<div class=\"elementor-element elementor-element-88e45f9 elementor-widget elementor-widget-eltdf_single_image\" data-id=\"88e45f9\" data-element_type=\"widget\" data-widget_type=\"eltdf_single_image.default\">\n\t\t\t\t<div class=\"elementor-widget-container\">\n\t\t\t<div class=\"eltdf-single-image-holder     eltdf-image-appear-none\">\n    <div class=\"eltdf-si-inner\" >\n                                                        <img decoding=\"async\" width=\"801\" height=\"1218\" src=\"https:\/\/www.alquimiafinedining.com\/wp-content\/uploads\/2023\/08\/Restaurante-Al-Quimia-Fine-Dining-Algarve-22.jpg\" class=\"attachment-full size-full\" alt=\"Lu\u00eds Mour\u00e3o, Chef do Restaurante Al Quimia\" srcset=\"https:\/\/www.alquimiafinedining.com\/wp-content\/uploads\/2023\/08\/Restaurante-Al-Quimia-Fine-Dining-Algarve-22.jpg 801w, https:\/\/www.alquimiafinedining.com\/wp-content\/uploads\/2023\/08\/Restaurante-Al-Quimia-Fine-Dining-Algarve-22-197x300.jpg 197w, https:\/\/www.alquimiafinedining.com\/wp-content\/uploads\/2023\/08\/Restaurante-Al-Quimia-Fine-Dining-Algarve-22-673x1024.jpg 673w, https:\/\/www.alquimiafinedining.com\/wp-content\/uploads\/2023\/08\/Restaurante-Al-Quimia-Fine-Dining-Algarve-22-768x1168.jpg 768w\" sizes=\"(max-width: 801px) 100vw, 801px\" \/>                                                <\/div>\n<\/div>\t\t<\/div>\n\t\t\t\t<\/div>\n\t\t\t\t\t<\/div>\n\t\t<\/div>\n\t\t\t\t\t<\/div>\n\t\t<\/section>\n\t\t\t\t<section class=\"elementor-section elementor-top-section elementor-element elementor-element-a0e66ce eltdf-elementor-row-grid-section elementor-section-full_width elementor-section-height-default elementor-section-height-default eltdf-parallax-row-no eltdf-content-aligment-left eltdf-disabled-bg-image-bellow-no\" data-id=\"a0e66ce\" data-element_type=\"section\" data-settings=\"{&quot;background_background&quot;:&quot;classic&quot;}\">\n\t\t\t\t\t\t<div class=\"elementor-container elementor-column-gap-default\">\n\t\t\t\t\t<div class=\"elementor-column elementor-col-33 elementor-top-column elementor-element elementor-element-8d9173f\" data-id=\"8d9173f\" data-element_type=\"column\">\n\t\t\t<div class=\"elementor-widget-wrap elementor-element-populated\">\n\t\t\t\t\t\t<div class=\"elementor-element elementor-element-cf1588c elementor-widget elementor-widget-eltdf_single_image\" data-id=\"cf1588c\" data-element_type=\"widget\" data-widget_type=\"eltdf_single_image.default\">\n\t\t\t\t<div class=\"elementor-widget-container\">\n\t\t\t<div class=\"eltdf-single-image-holder     eltdf-image-appear-none\">\n    <div class=\"eltdf-si-inner\" >\n                                                        <img decoding=\"async\" width=\"801\" height=\"1276\" src=\"https:\/\/www.alquimiafinedining.com\/wp-content\/uploads\/2026\/04\/Chef-Igor-Candeias-Al-Quimia-2-1.jpg\" class=\"attachment-full size-full\" alt=\"\" srcset=\"https:\/\/www.alquimiafinedining.com\/wp-content\/uploads\/2026\/04\/Chef-Igor-Candeias-Al-Quimia-2-1.jpg 801w, https:\/\/www.alquimiafinedining.com\/wp-content\/uploads\/2026\/04\/Chef-Igor-Candeias-Al-Quimia-2-1-188x300.jpg 188w, https:\/\/www.alquimiafinedining.com\/wp-content\/uploads\/2026\/04\/Chef-Igor-Candeias-Al-Quimia-2-1-643x1024.jpg 643w, https:\/\/www.alquimiafinedining.com\/wp-content\/uploads\/2026\/04\/Chef-Igor-Candeias-Al-Quimia-2-1-768x1223.jpg 768w\" sizes=\"(max-width: 801px) 100vw, 801px\" \/>                                                <\/div>\n<\/div>\t\t<\/div>\n\t\t\t\t<\/div>\n\t\t\t\t\t<\/div>\n\t\t<\/div>\n\t\t\t\t<div class=\"elementor-column elementor-col-33 elementor-top-column elementor-element elementor-element-c9b3ccf\" data-id=\"c9b3ccf\" data-element_type=\"column\">\n\t\t\t<div class=\"elementor-widget-wrap elementor-element-populated\">\n\t\t\t\t\t\t<div class=\"elementor-element elementor-element-d7c3f53 elementor-hidden-mobile elementor-widget elementor-widget-eltdf_single_image\" data-id=\"d7c3f53\" data-element_type=\"widget\" data-widget_type=\"eltdf_single_image.default\">\n\t\t\t\t<div class=\"elementor-widget-container\">\n\t\t\t<div class=\"eltdf-single-image-holder     eltdf-image-appear-none\">\n    <div class=\"eltdf-si-inner\" >\n                                                        <img loading=\"lazy\" decoding=\"async\" width=\"571\" height=\"731\" src=\"https:\/\/www.alquimiafinedining.com\/wp-content\/uploads\/2026\/04\/ilustra_chef.png\" class=\"attachment-full size-full\" alt=\"\" srcset=\"https:\/\/www.alquimiafinedining.com\/wp-content\/uploads\/2026\/04\/ilustra_chef.png 571w, https:\/\/www.alquimiafinedining.com\/wp-content\/uploads\/2026\/04\/ilustra_chef-234x300.png 234w\" sizes=\"(max-width: 571px) 100vw, 571px\" \/>                                                <\/div>\n<\/div>\t\t<\/div>\n\t\t\t\t<\/div>\n\t\t\t\t\t<\/div>\n\t\t<\/div>\n\t\t\t\t<div class=\"elementor-column elementor-col-33 elementor-top-column elementor-element elementor-element-6664b42\" data-id=\"6664b42\" data-element_type=\"column\">\n\t\t\t<div class=\"elementor-widget-wrap elementor-element-populated\">\n\t\t\t\t\t\t<div class=\"elementor-element elementor-element-79cbc3d elementor-widget elementor-widget-qi_addons_for_elementor_section_title\" data-id=\"79cbc3d\" data-element_type=\"widget\" data-widget_type=\"qi_addons_for_elementor_section_title.default\">\n\t\t\t\t<div class=\"elementor-widget-container\">\n\t\t\t<div class=\"qodef-shortcode qodef-m qodef-qi-section-title qodef-decoration--italic qodef-link--underline-draw qodef-subtitle-icon--left\">\n\t\t\t\t\t\t<h1 class=\"qodef-m-title\">\n\t\tIgor Candeias\t<\/h1>\n\t\t\t<\/div>\n\t\t<\/div>\n\t\t\t\t<\/div>\n\t\t\t\t<div class=\"elementor-element elementor-element-a4c4db2 elementor-widget elementor-widget-eltdf_section_title\" data-id=\"a4c4db2\" data-element_type=\"widget\" data-widget_type=\"eltdf_section_title.default\">\n\t\t\t\t<div class=\"elementor-widget-container\">\n\t\t\t<div class=\"eltdf-section-title-holder    \" style=\"text-align: center\">\n\t<div class=\"eltdf-st-inner\">\n        \t\t\t\t\t\t\t<p class=\"eltdf-st-text\" >\n\t\t\t\tChef Igor Candeias, a native of Peroguarda in the Alentejo, whose cuisine reflects a deep connection to his roots, combined with a contemporary approach and an eye for detail.\n<br><br>\nA graduate of the Escola Profissional de Alvito, he began his career at the Convento do Espinheiro Hotel in \u00c9vora, where he developed the technical foundations that would underpin his development. Shortly afterwards, he joined the team at EPIC SANA Algarve from its opening, experiencing various gastronomic concepts and environments that enriched his culinary vision.\n<br><br>\nAt the Al Quimia restaurant, he found the ideal space to assert his identity, embarking on a path of solid growth that led him to the position of chef. His cuisine stands out for its creativity, precision and respect for the ingredients, always with a strong emotional element and a contemporary take on tradition.\n<br><br>\nCreativity, talent, rigour, team spirit and dedication are the pillars that define his work, reflected in every experience offered at Al Quimia.\t\t\t<\/p>\n\t\t\t\t\t<\/div>\n<\/div>\t\t<\/div>\n\t\t\t\t<\/div>\n\t\t\t\t\t<\/div>\n\t\t<\/div>\n\t\t\t\t\t<\/div>\n\t\t<\/section>\n\t\t\t\t<\/div>\n\t\t","protected":false},"excerpt":{"rendered":"<p>Book a Table Chef Luis Mour\u00e3o Luis Mour\u00e3o is an example of how passion can lead to perfection. He practices his art by valuing seasonal products and the portuguese gastronomic culture, with a natural preference for the sea flavours from the Algarve region, mixing tradition and innovation. With extensive experience in leading prestigious cuisines, he was Executive Chef at Convento [&hellip;]<\/p>\n","protected":false},"author":1,"featured_media":6337,"parent":0,"menu_order":0,"comment_status":"closed","ping_status":"closed","template":"full-width.php","meta":{"footnotes":"","_links_to":"","_links_to_target":""},"class_list":["post-6394","page","type-page","status-publish","has-post-thumbnail","hentry"],"yoast_head":"<!-- This site is optimized with the Yoast SEO plugin v25.7 - https:\/\/yoast.com\/wordpress\/plugins\/seo\/ -->\n<title>Chef Luis Mour\u00e3o | Al Quimia - Fine Dining Restaurant<\/title>\n<meta name=\"description\" content=\"Lu\u00eds Mour\u00e3o, the chef at Al Quimia, offers signature cuisine that values Portuguese gastronomic culture with seasonal products from local producers.\" \/>\n<meta name=\"robots\" content=\"index, follow, max-snippet:-1, max-image-preview:large, max-video-preview:-1\" \/>\n<link rel=\"canonical\" href=\"https:\/\/www.alquimiafinedining.com\/en\/chef-luis-mourao\/\" \/>\n<meta property=\"og:locale\" content=\"en_US\" \/>\n<meta property=\"og:type\" content=\"article\" \/>\n<meta property=\"og:title\" content=\"Chef Luis Mour\u00e3o | Al Quimia - Fine Dining Restaurant\" \/>\n<meta property=\"og:description\" content=\"Lu\u00eds Mour\u00e3o, the chef at Al Quimia, offers signature cuisine that values Portuguese gastronomic culture with seasonal products from local producers.\" \/>\n<meta property=\"og:url\" content=\"https:\/\/www.alquimiafinedining.com\/en\/chef-luis-mourao\/\" \/>\n<meta property=\"og:site_name\" content=\"Al Quimia Finedining\" \/>\n<meta property=\"article:modified_time\" content=\"2026-04-22T14:36:12+00:00\" \/>\n<meta property=\"og:image\" content=\"https:\/\/www.alquimiafinedining.com\/wp-content\/uploads\/2021\/08\/Restaurante-Alquimia-Fine-Dining-Chef-Luis-Mourao.jpg\" \/>\n\t<meta property=\"og:image:width\" content=\"1200\" \/>\n\t<meta property=\"og:image:height\" content=\"800\" \/>\n\t<meta property=\"og:image:type\" content=\"image\/jpeg\" \/>\n<meta name=\"twitter:card\" content=\"summary_large_image\" \/>\n<meta name=\"twitter:label1\" content=\"Est. reading time\" \/>\n\t<meta name=\"twitter:data1\" content=\"3 minutes\" \/>\n<script type=\"application\/ld+json\" class=\"yoast-schema-graph\">{\"@context\":\"https:\/\/schema.org\",\"@graph\":[{\"@type\":\"WebPage\",\"@id\":\"https:\/\/www.alquimiafinedining.com\/en\/chef-luis-mourao\/\",\"url\":\"https:\/\/www.alquimiafinedining.com\/en\/chef-luis-mourao\/\",\"name\":\"Chef Luis Mour\u00e3o | Al Quimia - Fine Dining Restaurant\",\"isPartOf\":{\"@id\":\"https:\/\/www.alquimiafinedining.com\/#website\"},\"primaryImageOfPage\":{\"@id\":\"https:\/\/www.alquimiafinedining.com\/en\/chef-luis-mourao\/#primaryimage\"},\"image\":{\"@id\":\"https:\/\/www.alquimiafinedining.com\/en\/chef-luis-mourao\/#primaryimage\"},\"thumbnailUrl\":\"https:\/\/www.alquimiafinedining.com\/wp-content\/uploads\/2021\/08\/Restaurante-Alquimia-Fine-Dining-Chef-Luis-Mourao.jpg\",\"datePublished\":\"2023-08-04T14:28:24+00:00\",\"dateModified\":\"2026-04-22T14:36:12+00:00\",\"description\":\"Lu\u00eds Mour\u00e3o, the chef at Al Quimia, offers signature cuisine that values Portuguese gastronomic culture with seasonal products from local producers.\",\"breadcrumb\":{\"@id\":\"https:\/\/www.alquimiafinedining.com\/en\/chef-luis-mourao\/#breadcrumb\"},\"inLanguage\":\"en-US\",\"potentialAction\":[{\"@type\":\"ReadAction\",\"target\":[\"https:\/\/www.alquimiafinedining.com\/en\/chef-luis-mourao\/\"]}]},{\"@type\":\"ImageObject\",\"inLanguage\":\"en-US\",\"@id\":\"https:\/\/www.alquimiafinedining.com\/en\/chef-luis-mourao\/#primaryimage\",\"url\":\"https:\/\/www.alquimiafinedining.com\/wp-content\/uploads\/2021\/08\/Restaurante-Alquimia-Fine-Dining-Chef-Luis-Mourao.jpg\",\"contentUrl\":\"https:\/\/www.alquimiafinedining.com\/wp-content\/uploads\/2021\/08\/Restaurante-Alquimia-Fine-Dining-Chef-Luis-Mourao.jpg\",\"width\":1200,\"height\":800},{\"@type\":\"BreadcrumbList\",\"@id\":\"https:\/\/www.alquimiafinedining.com\/en\/chef-luis-mourao\/#breadcrumb\",\"itemListElement\":[{\"@type\":\"ListItem\",\"position\":1,\"name\":\"In\u00edcio\",\"item\":\"https:\/\/www.alquimiafinedining.com\/\"},{\"@type\":\"ListItem\",\"position\":2,\"name\":\"Chefs\"}]},{\"@type\":\"WebSite\",\"@id\":\"https:\/\/www.alquimiafinedining.com\/#website\",\"url\":\"https:\/\/www.alquimiafinedining.com\/\",\"name\":\"Al Quimia Finedining\",\"description\":\"\",\"publisher\":{\"@id\":\"https:\/\/www.alquimiafinedining.com\/#organization\"},\"potentialAction\":[{\"@type\":\"SearchAction\",\"target\":{\"@type\":\"EntryPoint\",\"urlTemplate\":\"https:\/\/www.alquimiafinedining.com\/?s={search_term_string}\"},\"query-input\":{\"@type\":\"PropertyValueSpecification\",\"valueRequired\":true,\"valueName\":\"search_term_string\"}}],\"inLanguage\":\"en-US\"},{\"@type\":\"Organization\",\"@id\":\"https:\/\/www.alquimiafinedining.com\/#organization\",\"name\":\"Al Quimia Finedining\",\"url\":\"https:\/\/www.alquimiafinedining.com\/\",\"logo\":{\"@type\":\"ImageObject\",\"inLanguage\":\"en-US\",\"@id\":\"https:\/\/www.alquimiafinedining.com\/#\/schema\/logo\/image\/\",\"url\":\"https:\/\/www.alquimiafinedining.com\/wp-content\/uploads\/2023\/08\/Logo-Resataurante-Alquimia-Algarve.png\",\"contentUrl\":\"https:\/\/www.alquimiafinedining.com\/wp-content\/uploads\/2023\/08\/Logo-Resataurante-Alquimia-Algarve.png\",\"width\":100,\"height\":100,\"caption\":\"Al Quimia Finedining\"},\"image\":{\"@id\":\"https:\/\/www.alquimiafinedining.com\/#\/schema\/logo\/image\/\"},\"sameAs\":[\"https:\/\/www.instagram.com\/alquimia.finedining\/\"]}]}<\/script>\n<!-- \/ Yoast SEO plugin. -->","yoast_head_json":{"title":"Chef Luis Mour\u00e3o | Al Quimia - Fine Dining Restaurant","description":"Lu\u00eds Mour\u00e3o, the chef at Al Quimia, offers signature cuisine that values Portuguese gastronomic culture with seasonal products from local producers.","robots":{"index":"index","follow":"follow","max-snippet":"max-snippet:-1","max-image-preview":"max-image-preview:large","max-video-preview":"max-video-preview:-1"},"canonical":"https:\/\/www.alquimiafinedining.com\/en\/chef-luis-mourao\/","og_locale":"en_US","og_type":"article","og_title":"Chef Luis Mour\u00e3o | Al Quimia - Fine Dining Restaurant","og_description":"Lu\u00eds Mour\u00e3o, the chef at Al Quimia, offers signature cuisine that values Portuguese gastronomic culture with seasonal products from local producers.","og_url":"https:\/\/www.alquimiafinedining.com\/en\/chef-luis-mourao\/","og_site_name":"Al Quimia Finedining","article_modified_time":"2026-04-22T14:36:12+00:00","og_image":[{"width":1200,"height":800,"url":"https:\/\/www.alquimiafinedining.com\/wp-content\/uploads\/2021\/08\/Restaurante-Alquimia-Fine-Dining-Chef-Luis-Mourao.jpg","type":"image\/jpeg"}],"twitter_card":"summary_large_image","twitter_misc":{"Est. reading time":"3 minutes"},"schema":{"@context":"https:\/\/schema.org","@graph":[{"@type":"WebPage","@id":"https:\/\/www.alquimiafinedining.com\/en\/chef-luis-mourao\/","url":"https:\/\/www.alquimiafinedining.com\/en\/chef-luis-mourao\/","name":"Chef Luis Mour\u00e3o | Al Quimia - Fine Dining Restaurant","isPartOf":{"@id":"https:\/\/www.alquimiafinedining.com\/#website"},"primaryImageOfPage":{"@id":"https:\/\/www.alquimiafinedining.com\/en\/chef-luis-mourao\/#primaryimage"},"image":{"@id":"https:\/\/www.alquimiafinedining.com\/en\/chef-luis-mourao\/#primaryimage"},"thumbnailUrl":"https:\/\/www.alquimiafinedining.com\/wp-content\/uploads\/2021\/08\/Restaurante-Alquimia-Fine-Dining-Chef-Luis-Mourao.jpg","datePublished":"2023-08-04T14:28:24+00:00","dateModified":"2026-04-22T14:36:12+00:00","description":"Lu\u00eds Mour\u00e3o, the chef at Al Quimia, offers signature cuisine that values Portuguese gastronomic culture with seasonal products from local producers.","breadcrumb":{"@id":"https:\/\/www.alquimiafinedining.com\/en\/chef-luis-mourao\/#breadcrumb"},"inLanguage":"en-US","potentialAction":[{"@type":"ReadAction","target":["https:\/\/www.alquimiafinedining.com\/en\/chef-luis-mourao\/"]}]},{"@type":"ImageObject","inLanguage":"en-US","@id":"https:\/\/www.alquimiafinedining.com\/en\/chef-luis-mourao\/#primaryimage","url":"https:\/\/www.alquimiafinedining.com\/wp-content\/uploads\/2021\/08\/Restaurante-Alquimia-Fine-Dining-Chef-Luis-Mourao.jpg","contentUrl":"https:\/\/www.alquimiafinedining.com\/wp-content\/uploads\/2021\/08\/Restaurante-Alquimia-Fine-Dining-Chef-Luis-Mourao.jpg","width":1200,"height":800},{"@type":"BreadcrumbList","@id":"https:\/\/www.alquimiafinedining.com\/en\/chef-luis-mourao\/#breadcrumb","itemListElement":[{"@type":"ListItem","position":1,"name":"In\u00edcio","item":"https:\/\/www.alquimiafinedining.com\/"},{"@type":"ListItem","position":2,"name":"Chefs"}]},{"@type":"WebSite","@id":"https:\/\/www.alquimiafinedining.com\/#website","url":"https:\/\/www.alquimiafinedining.com\/","name":"Al Quimia Finedining","description":"","publisher":{"@id":"https:\/\/www.alquimiafinedining.com\/#organization"},"potentialAction":[{"@type":"SearchAction","target":{"@type":"EntryPoint","urlTemplate":"https:\/\/www.alquimiafinedining.com\/?s={search_term_string}"},"query-input":{"@type":"PropertyValueSpecification","valueRequired":true,"valueName":"search_term_string"}}],"inLanguage":"en-US"},{"@type":"Organization","@id":"https:\/\/www.alquimiafinedining.com\/#organization","name":"Al Quimia Finedining","url":"https:\/\/www.alquimiafinedining.com\/","logo":{"@type":"ImageObject","inLanguage":"en-US","@id":"https:\/\/www.alquimiafinedining.com\/#\/schema\/logo\/image\/","url":"https:\/\/www.alquimiafinedining.com\/wp-content\/uploads\/2023\/08\/Logo-Resataurante-Alquimia-Algarve.png","contentUrl":"https:\/\/www.alquimiafinedining.com\/wp-content\/uploads\/2023\/08\/Logo-Resataurante-Alquimia-Algarve.png","width":100,"height":100,"caption":"Al Quimia Finedining"},"image":{"@id":"https:\/\/www.alquimiafinedining.com\/#\/schema\/logo\/image\/"},"sameAs":["https:\/\/www.instagram.com\/alquimia.finedining\/"]}]}},"_links":{"self":[{"href":"https:\/\/www.alquimiafinedining.com\/en\/wp-json\/wp\/v2\/pages\/6394","targetHints":{"allow":["GET"]}}],"collection":[{"href":"https:\/\/www.alquimiafinedining.com\/en\/wp-json\/wp\/v2\/pages"}],"about":[{"href":"https:\/\/www.alquimiafinedining.com\/en\/wp-json\/wp\/v2\/types\/page"}],"author":[{"embeddable":true,"href":"https:\/\/www.alquimiafinedining.com\/en\/wp-json\/wp\/v2\/users\/1"}],"replies":[{"embeddable":true,"href":"https:\/\/www.alquimiafinedining.com\/en\/wp-json\/wp\/v2\/comments?post=6394"}],"version-history":[{"count":11,"href":"https:\/\/www.alquimiafinedining.com\/en\/wp-json\/wp\/v2\/pages\/6394\/revisions"}],"predecessor-version":[{"id":7523,"href":"https:\/\/www.alquimiafinedining.com\/en\/wp-json\/wp\/v2\/pages\/6394\/revisions\/7523"}],"wp:featuredmedia":[{"embeddable":true,"href":"https:\/\/www.alquimiafinedining.com\/en\/wp-json\/wp\/v2\/media\/6337"}],"wp:attachment":[{"href":"https:\/\/www.alquimiafinedining.com\/en\/wp-json\/wp\/v2\/media?parent=6394"}],"curies":[{"name":"wp","href":"https:\/\/api.w.org\/{rel}","templated":true}]}}